{"id":1530,"date":"2025-09-29T12:52:42","date_gmt":"2025-09-29T12:52:42","guid":{"rendered":"https:\/\/upkasa.pt\/como-funciona\/"},"modified":"2025-11-10T12:12:44","modified_gmt":"2025-11-10T12:12:44","slug":"como-funciona","status":"publish","type":"page","link":"https:\/\/upkasa.pt\/es\/como-funciona\/","title":{"rendered":"C\u00f3mo funciona"},"content":{"rendered":"\t\t<div data-elementor-type=\"wp-page\" data-elementor-id=\"1530\" class=\"elementor elementor-1530 elementor-66\" data-elementor-post-type=\"page\">\n\t\t\t\t<div class=\"elementor-element elementor-element-30eca3c e-flex e-con-boxed e-con e-parent\" data-id=\"30eca3c\" data-element_type=\"container\" data-e-type=\"container\" data-settings=\"{&quot;background_background&quot;:&quot;classic&quot;}\">\n\t\t\t\t\t<div class=\"e-con-inner\">\n\t\t\t\t<div data-dce-title-color=\"#262626\" data-dce-advanced-background-color=\"#FFFFFF\" class=\"elementor-element elementor-element-78f3505 elementor-widget elementor-widget-heading\" data-id=\"78f3505\" data-element_type=\"widget\" data-e-type=\"widget\" data-widget_type=\"heading.default\">\n\t\t\t\t\t<h1 class=\"elementor-heading-title elementor-size-default\">\u00bfC\u00f3mo funciona UpKasa?<\/h1>\t\t\t\t<\/div>\n\t\t\t\t<div data-dce-text-color=\"#262626\" data-dce-advanced-background-color=\"#FFFFFF\" class=\"elementor-element elementor-element-95e474e elementor-widget elementor-widget-text-editor\" data-id=\"95e474e\" data-element_type=\"widget\" data-e-type=\"widget\" data-widget_type=\"text-editor.default\">\n\t\t\t\t\t\t\t\t\t<p>Cuidamos de tu propiedad con planes de mantenimiento preventivo sencillos y asequibles. Comprueba lo f\u00e1cil que es. <\/p>\t\t\t\t\t\t\t\t<\/div>\n\t\t\t\t<div class=\"elementor-element elementor-element-31f7561 elementor-widget-divider--view-line_icon elementor-view-default elementor-widget-divider--element-align-center elementor-widget elementor-widget-divider\" data-id=\"31f7561\" data-element_type=\"widget\" data-e-type=\"widget\" data-widget_type=\"divider.default\">\n\t\t\t\t\t\t\t<div class=\"elementor-divider\">\n\t\t\t<span class=\"elementor-divider-separator\">\n\t\t\t\t\t\t\t<div class=\"elementor-icon elementor-divider__element\">\n\t\t\t\t\t<svg xmlns=\"http:\/\/www.w3.org\/2000\/svg\" width=\"299\" height=\"298\" viewBox=\"0 0 299 298\" fill=\"none\"><path d=\"M0.069897 97.5231C54.1093 97.5231 98.012 53.9699 98.4315 0.0703125H164.915C164.915 2.51712 164.915 4.89401 164.705 7.27091C162.887 45.3013 148.206 79.9061 124.857 106.891C94.5865 141.845 49.9148 164.006 0 164.006\" fill=\"#262626\"><\/path><path d=\"M298.44 297.881C222.799 287.115 158.902 240.136 124.857 175.121C108.079 143.103 98.5011 106.681 98.3613 68.0911V0H164.845V67.1823L165.054 74.5227C168.41 151.912 224.547 215.529 298.37 230.419\" fill=\"#262626\"><\/path><\/svg><\/div>\n\t\t\t\t\t\t<\/span>\n\t\t<\/div>\n\t\t\t\t\t\t<\/div>\n\t\t\t\t\t<\/div>\n\t\t\t\t<\/div>\n\t\t<div class=\"elementor-element elementor-element-ed35a37 e-flex e-con-boxed e-con e-parent\" data-id=\"ed35a37\" data-element_type=\"container\" data-e-type=\"container\">\n\t\t\t\t\t<div class=\"e-con-inner\">\n\t\t\t\t<div data-dce-title-color=\"#262626\" class=\"elementor-element elementor-element-92fce90 elementor-widget elementor-widget-heading\" data-id=\"92fce90\" data-element_type=\"widget\" data-e-type=\"widget\" data-widget_type=\"heading.default\">\n\t\t\t\t\t<h2 class=\"elementor-heading-title elementor-size-default\">4 sencillos pasos<\/h2>\t\t\t\t<\/div>\n\t\t\t\t<div data-dce-text-color=\"#262626\" class=\"elementor-element elementor-element-8e36252 elementor-widget elementor-widget-text-editor\" data-id=\"8e36252\" data-element_type=\"widget\" data-e-type=\"widget\" data-widget_type=\"text-editor.default\">\n\t\t\t\t\t\t\t\t\t<p>En UpKasa creemos que el mantenimiento de tu hogar no deber\u00eda ser complicado. Hemos creado un proceso claro <b>de 4 pasos<\/b> para que siempre sepas qu\u00e9 esperar. <\/p>\t\t\t\t\t\t\t\t<\/div>\n\t\t<div class=\"elementor-element elementor-element-2da5c66 e-con-full e-grid e-con e-child\" data-id=\"2da5c66\" data-element_type=\"container\" data-e-type=\"container\">\n\t\t\t\t<div class=\"elementor-element elementor-element-acf07fb elementor-widget elementor-widget-icon-box\" data-id=\"acf07fb\" data-element_type=\"widget\" data-e-type=\"widget\" data-widget_type=\"icon-box.default\">\n\t\t\t\t\t\t\t<div class=\"elementor-icon-box-wrapper\">\n\n\t\t\t\n\t\t\t\t\t\t<div class=\"elementor-icon-box-content\">\n\n\t\t\t\t\t\t\t\t\t<h3 class=\"elementor-icon-box-title\">\n\t\t\t\t\t\t<span  >\n\t\t\t\t\t\t\tPaso 1: Elige el plan adecuado para tu propiedad\t\t\t\t\t\t<\/span>\n\t\t\t\t\t<\/h3>\n\t\t\t\t\n\t\t\t\t\t\t\t\t\t<p class=\"elementor-icon-box-description\">\n\t\t\t\t\t\t\u00bfPlano o villa? \u00bfNormal, Plata u Oro? Tambi\u00e9n puedes a\u00f1adir el plan Fixii para reparaciones con descuento.  \t\t\t\t\t<\/p>\n\t\t\t\t\n\t\t\t<\/div>\n\t\t\t\n\t\t<\/div>\n\t\t\t\t\t\t<\/div>\n\t\t\t\t<div class=\"elementor-element elementor-element-09bf6a5 elementor-widget elementor-widget-icon-box\" data-id=\"09bf6a5\" data-element_type=\"widget\" data-e-type=\"widget\" data-widget_type=\"icon-box.default\">\n\t\t\t\t\t\t\t<div class=\"elementor-icon-box-wrapper\">\n\n\t\t\t\n\t\t\t\t\t\t<div class=\"elementor-icon-box-content\">\n\n\t\t\t\t\t\t\t\t\t<h3 class=\"elementor-icon-box-title\">\n\t\t\t\t\t\t<span  >\n\t\t\t\t\t\t\tPaso 2: Recibir visitas programadas de t\u00e9cnicos certificados\t\t\t\t\t\t<\/span>\n\t\t\t\t\t<\/h3>\n\t\t\t\t\n\t\t\t\t\t\t\t\t\t<p class=\"elementor-icon-box-description\">\n\t\t\t\t\t\tUn t\u00e9cnico de mantenimiento del hogar visita tu vivienda para comprobar la fontaner\u00eda, la electricidad, las infiltraciones, la humedad y el equipamiento.\t\t\t\t\t<\/p>\n\t\t\t\t\n\t\t\t<\/div>\n\t\t\t\n\t\t<\/div>\n\t\t\t\t\t\t<\/div>\n\t\t\t\t<div class=\"elementor-element elementor-element-e4af489 elementor-widget elementor-widget-icon-box\" data-id=\"e4af489\" data-element_type=\"widget\" data-e-type=\"widget\" data-widget_type=\"icon-box.default\">\n\t\t\t\t\t\t\t<div class=\"elementor-icon-box-wrapper\">\n\n\t\t\t\n\t\t\t\t\t\t<div class=\"elementor-icon-box-content\">\n\n\t\t\t\t\t\t\t\t\t<h3 class=\"elementor-icon-box-title\">\n\t\t\t\t\t\t<span  >\n\t\t\t\t\t\t\tPaso 3: Entrega del informe detallado al cliente\t\t\t\t\t\t<\/span>\n\t\t\t\t\t<\/h3>\n\t\t\t\t\n\t\t\t\t\t\t\t\t\t<p class=\"elementor-icon-box-description\">\n\t\t\t\t\t\tDespu\u00e9s de cada visita <b>recibes<\/b> un informe t\u00e9cnico con: <b>fotos de<\/b> <b>la inspecci\u00f3n<\/b>, una <b>lista de comprobaci\u00f3n<\/b> <b>del<\/b> mantenimiento de la vivienda y <b>recomendaciones<\/b> <b>para<\/b> <b>peque\u00f1as<\/b> <b>reparaciones<\/b> <b>o<\/b> <b>mejoras<\/b>.\t\t\t\t\t<\/p>\n\t\t\t\t\n\t\t\t<\/div>\n\t\t\t\n\t\t<\/div>\n\t\t\t\t\t\t<\/div>\n\t\t\t\t<div class=\"elementor-element elementor-element-fe87df5 elementor-widget elementor-widget-icon-box\" data-id=\"fe87df5\" data-element_type=\"widget\" data-e-type=\"widget\" data-widget_type=\"icon-box.default\">\n\t\t\t\t\t\t\t<div class=\"elementor-icon-box-wrapper\">\n\n\t\t\t\n\t\t\t\t\t\t<div class=\"elementor-icon-box-content\">\n\n\t\t\t\t\t\t\t\t\t<h3 class=\"elementor-icon-box-title\">\n\t\t\t\t\t\t<span  >\n\t\t\t\t\t\t\tPaso 4: La casa siempre en buenas manos\t\t\t\t\t\t<\/span>\n\t\t\t\t\t<\/h3>\n\t\t\t\t\n\t\t\t\t\t\t\t\t\t<p class=\"elementor-icon-box-description\">\n\t\t\t\t\t\tUn mantenimiento regular evita fugas de agua, problemas el\u00e9ctricos e infiltraciones, garantizando la tranquilidad y aumentando el valor de tu propiedad.\t\t\t\t\t<\/p>\n\t\t\t\t\n\t\t\t<\/div>\n\t\t\t\n\t\t<\/div>\n\t\t\t\t\t\t<\/div>\n\t\t\t\t<\/div>\n\t\t\t\t<div data-dce-title-color=\"#262626\" class=\"elementor-element elementor-element-9d5a098 elementor-widget elementor-widget-heading\" data-id=\"9d5a098\" data-element_type=\"widget\" data-e-type=\"widget\" data-widget_type=\"heading.default\">\n\t\t\t\t\t<h2 class=\"elementor-heading-title elementor-size-default\">Horario ejemplar<\/h2>\t\t\t\t<\/div>\n\t\t<div class=\"elementor-element elementor-element-f194cff e-grid e-con-full e-con e-child\" data-id=\"f194cff\" data-element_type=\"container\" data-e-type=\"container\">\n\t\t\t\t<div data-dce-title-color=\"#9900FF\" class=\"elementor-element elementor-element-ade5083 elementor-view-default elementor-position-block-start elementor-mobile-position-block-start elementor-widget elementor-widget-icon-box\" data-id=\"ade5083\" data-element_type=\"widget\" data-e-type=\"widget\" data-widget_type=\"icon-box.default\">\n\t\t\t\t\t\t\t<div class=\"elementor-icon-box-wrapper\">\n\n\t\t\t\t\t\t<div class=\"elementor-icon-box-icon\">\n\t\t\t\t<span  class=\"elementor-icon\">\n\t\t\t\t<svg aria-hidden=\"true\" class=\"e-font-icon-svg e-far-snowflake\" viewBox=\"0 0 448 512\" xmlns=\"http:\/\/www.w3.org\/2000\/svg\"><path d=\"M440.1 355.2l-39.2-23 34.1-9.3c8.4-2.3 13.4-11.1 11.1-19.6l-4.1-15.5c-2.2-8.5-10.9-13.6-19.3-11.3L343 298.2 271.2 256l71.9-42.2 79.7 21.7c8.4 2.3 17-2.8 19.3-11.3l4.1-15.5c2.2-8.5-2.7-17.3-11.1-19.6l-34.1-9.3 39.2-23c7.5-4.4 10.1-14.2 5.8-21.9l-7.9-13.9c-4.3-7.7-14-10.3-21.5-5.9l-39.2 23 9.1-34.7c2.2-8.5-2.7-17.3-11.1-19.6l-15.2-4.1c-8.4-2.3-17 2.8-19.3 11.3l-21.3 81-71.9 42.2v-84.5L306 70.4c6.1-6.2 6.1-16.4 0-22.6l-11.1-11.3c-6.1-6.2-16.1-6.2-22.2 0l-24.9 25.4V16c0-8.8-7-16-15.7-16h-15.7c-8.7 0-15.7 7.2-15.7 16v46.1l-24.9-25.4c-6.1-6.2-16.1-6.2-22.2 0L142.1 48c-6.1 6.2-6.1 16.4 0 22.6l58.3 59.3v84.5l-71.9-42.2-21.3-81c-2.2-8.5-10.9-13.6-19.3-11.3L72.7 84c-8.4 2.3-13.4 11.1-11.1 19.6l9.1 34.7-39.2-23c-7.5-4.4-17.1-1.8-21.5 5.9l-7.9 13.9c-4.3 7.7-1.8 17.4 5.8 21.9l39.2 23-34.1 9.1c-8.4 2.3-13.4 11.1-11.1 19.6L6 224.2c2.2 8.5 10.9 13.6 19.3 11.3l79.7-21.7 71.9 42.2-71.9 42.2-79.7-21.7c-8.4-2.3-17 2.8-19.3 11.3l-4.1 15.5c-2.2 8.5 2.7 17.3 11.1 19.6l34.1 9.3-39.2 23c-7.5 4.4-10.1 14.2-5.8 21.9L10 391c4.3 7.7 14 10.3 21.5 5.9l39.2-23-9.1 34.7c-2.2 8.5 2.7 17.3 11.1 19.6l15.2 4.1c8.4 2.3 17-2.8 19.3-11.3l21.3-81 71.9-42.2v84.5l-58.3 59.3c-6.1 6.2-6.1 16.4 0 22.6l11.1 11.3c6.1 6.2 16.1 6.2 22.2 0l24.9-25.4V496c0 8.8 7 16 15.7 16h15.7c8.7 0 15.7-7.2 15.7-16v-46.1l24.9 25.4c6.1 6.2 16.1 6.2 22.2 0l11.1-11.3c6.1-6.2 6.1-16.4 0-22.6l-58.3-59.3v-84.5l71.9 42.2 21.3 81c2.2 8.5 10.9 13.6 19.3 11.3L375 428c8.4-2.3 13.4-11.1 11.1-19.6l-9.1-34.7 39.2 23c7.5 4.4 17.1 1.8 21.5-5.9l7.9-13.9c4.6-7.5 2.1-17.3-5.5-21.7z\"><\/path><\/svg>\t\t\t\t<\/span>\n\t\t\t<\/div>\n\t\t\t\n\t\t\t\t\t\t<div class=\"elementor-icon-box-content\">\n\n\t\t\t\t\t\t\t\t\t<h3 class=\"elementor-icon-box-title\">\n\t\t\t\t\t\t<span  >\n\t\t\t\t\t\t\tENERO\t\t\t\t\t\t<\/span>\n\t\t\t\t\t<\/h3>\n\t\t\t\t\n\t\t\t\t\t\t\t\t\t<p class=\"elementor-icon-box-description\">\n\t\t\t\t\t\tRevisi\u00f3n el\u00e9ctrica + inspecci\u00f3n de infiltraciones\t\t\t\t\t<\/p>\n\t\t\t\t\n\t\t\t<\/div>\n\t\t\t\n\t\t<\/div>\n\t\t\t\t\t\t<\/div>\n\t\t\t\t<div data-dce-title-color=\"#9900FF\" class=\"elementor-element elementor-element-5570344 elementor-view-default elementor-position-block-start elementor-mobile-position-block-start elementor-widget elementor-widget-icon-box\" data-id=\"5570344\" data-element_type=\"widget\" data-e-type=\"widget\" data-widget_type=\"icon-box.default\">\n\t\t\t\t\t\t\t<div class=\"elementor-icon-box-wrapper\">\n\n\t\t\t\t\t\t<div class=\"elementor-icon-box-icon\">\n\t\t\t\t<span  class=\"elementor-icon\">\n\t\t\t\t<svg aria-hidden=\"true\" class=\"e-font-icon-svg e-fas-tree\" viewBox=\"0 0 384 512\" xmlns=\"http:\/\/www.w3.org\/2000\/svg\"><path d=\"M378.31 378.49L298.42 288h30.63c9.01 0 16.98-5 20.78-13.06 3.8-8.04 2.55-17.26-3.28-24.05L268.42 160h28.89c9.1 0 17.3-5.35 20.86-13.61 3.52-8.13 1.86-17.59-4.24-24.08L203.66 4.83c-6.03-6.45-17.28-6.45-23.32 0L70.06 122.31c-6.1 6.49-7.75 15.95-4.24 24.08C69.38 154.65 77.59 160 86.69 160h28.89l-78.14 90.91c-5.81 6.78-7.06 15.99-3.27 24.04C37.97 283 45.93 288 54.95 288h30.63L5.69 378.49c-6 6.79-7.36 16.09-3.56 24.26 3.75 8.05 12 13.25 21.01 13.25H160v24.45l-30.29 48.4c-5.32 10.64 2.42 23.16 14.31 23.16h95.96c11.89 0 19.63-12.52 14.31-23.16L224 440.45V416h136.86c9.01 0 17.26-5.2 21.01-13.25 3.8-8.17 2.44-17.47-3.56-24.26z\"><\/path><\/svg>\t\t\t\t<\/span>\n\t\t\t<\/div>\n\t\t\t\n\t\t\t\t\t\t<div class=\"elementor-icon-box-content\">\n\n\t\t\t\t\t\t\t\t\t<h3 class=\"elementor-icon-box-title\">\n\t\t\t\t\t\t<span  >\n\t\t\t\t\t\t\tABRIL\t\t\t\t\t\t<\/span>\n\t\t\t\t\t<\/h3>\n\t\t\t\t\n\t\t\t\t\t\t\t\t\t<p class=\"elementor-icon-box-description\">\n\t\t\t\t\t\tRevisi\u00f3n de fontaner\u00eda + calentadores de agua\t\t\t\t\t<\/p>\n\t\t\t\t\n\t\t\t<\/div>\n\t\t\t\n\t\t<\/div>\n\t\t\t\t\t\t<\/div>\n\t\t\t\t<div data-dce-title-color=\"#9900FF\" class=\"elementor-element elementor-element-de71717 elementor-view-default elementor-position-block-start elementor-mobile-position-block-start elementor-widget elementor-widget-icon-box\" data-id=\"de71717\" data-element_type=\"widget\" data-e-type=\"widget\" data-widget_type=\"icon-box.default\">\n\t\t\t\t\t\t\t<div class=\"elementor-icon-box-wrapper\">\n\n\t\t\t\t\t\t<div class=\"elementor-icon-box-icon\">\n\t\t\t\t<span  class=\"elementor-icon\">\n\t\t\t\t<svg aria-hidden=\"true\" class=\"e-font-icon-svg e-fas-sun\" viewBox=\"0 0 512 512\" xmlns=\"http:\/\/www.w3.org\/2000\/svg\"><path d=\"M256 160c-52.9 0-96 43.1-96 96s43.1 96 96 96 96-43.1 96-96-43.1-96-96-96zm246.4 80.5l-94.7-47.3 33.5-100.4c4.5-13.6-8.4-26.5-21.9-21.9l-100.4 33.5-47.4-94.8c-6.4-12.8-24.6-12.8-31 0l-47.3 94.7L92.7 70.8c-13.6-4.5-26.5 8.4-21.9 21.9l33.5 100.4-94.7 47.4c-12.8 6.4-12.8 24.6 0 31l94.7 47.3-33.5 100.5c-4.5 13.6 8.4 26.5 21.9 21.9l100.4-33.5 47.3 94.7c6.4 12.8 24.6 12.8 31 0l47.3-94.7 100.4 33.5c13.6 4.5 26.5-8.4 21.9-21.9l-33.5-100.4 94.7-47.3c13-6.5 13-24.7.2-31.1zm-155.9 106c-49.9 49.9-131.1 49.9-181 0-49.9-49.9-49.9-131.1 0-181 49.9-49.9 131.1-49.9 181 0 49.9 49.9 49.9 131.1 0 181z\"><\/path><\/svg>\t\t\t\t<\/span>\n\t\t\t<\/div>\n\t\t\t\n\t\t\t\t\t\t<div class=\"elementor-icon-box-content\">\n\n\t\t\t\t\t\t\t\t\t<h3 class=\"elementor-icon-box-title\">\n\t\t\t\t\t\t<span  >\n\t\t\t\t\t\t\tJULIO\t\t\t\t\t\t<\/span>\n\t\t\t\t\t<\/h3>\n\t\t\t\t\n\t\t\t\t\t\t\t\t\t<p class=\"elementor-icon-box-description\">\n\t\t\t\t\t\tLimpieza de canalones + revisi\u00f3n del tejado\t\t\t\t\t<\/p>\n\t\t\t\t\n\t\t\t<\/div>\n\t\t\t\n\t\t<\/div>\n\t\t\t\t\t\t<\/div>\n\t\t\t\t<div data-dce-title-color=\"#9900FF\" class=\"elementor-element elementor-element-c553db3 elementor-view-default elementor-position-block-start elementor-mobile-position-block-start elementor-widget elementor-widget-icon-box\" data-id=\"c553db3\" data-element_type=\"widget\" data-e-type=\"widget\" data-widget_type=\"icon-box.default\">\n\t\t\t\t\t\t\t<div class=\"elementor-icon-box-wrapper\">\n\n\t\t\t\t\t\t<div class=\"elementor-icon-box-icon\">\n\t\t\t\t<span  class=\"elementor-icon\">\n\t\t\t\t<svg aria-hidden=\"true\" class=\"e-font-icon-svg e-fas-leaf\" viewBox=\"0 0 576 512\" xmlns=\"http:\/\/www.w3.org\/2000\/svg\"><path d=\"M546.2 9.7c-5.6-12.5-21.6-13-28.3-1.2C486.9 62.4 431.4 96 368 96h-80C182 96 96 182 96 288c0 7 .8 13.7 1.5 20.5C161.3 262.8 253.4 224 384 224c8.8 0 16 7.2 16 16s-7.2 16-16 16C132.6 256 26 410.1 2.4 468c-6.6 16.3 1.2 34.9 17.5 41.6 16.4 6.8 35-1.1 41.8-17.3 1.5-3.6 20.9-47.9 71.9-90.6 32.4 43.9 94 85.8 174.9 77.2C465.5 467.5 576 326.7 576 154.3c0-50.2-10.8-102.2-29.8-144.6z\"><\/path><\/svg>\t\t\t\t<\/span>\n\t\t\t<\/div>\n\t\t\t\n\t\t\t\t\t\t<div class=\"elementor-icon-box-content\">\n\n\t\t\t\t\t\t\t\t\t<h3 class=\"elementor-icon-box-title\">\n\t\t\t\t\t\t<span  >\n\t\t\t\t\t\t\tOCTUBRE\t\t\t\t\t\t<\/span>\n\t\t\t\t\t<\/h3>\n\t\t\t\t\n\t\t\t\t\t\t\t\t\t<p class=\"elementor-icon-box-description\">\n\t\t\t\t\t\tRevisi\u00f3n general antes del invierno\t\t\t\t\t<\/p>\n\t\t\t\t\n\t\t\t<\/div>\n\t\t\t\n\t\t<\/div>\n\t\t\t\t\t\t<\/div>\n\t\t\t\t<\/div>\n\t\t\t\t<div data-dce-title-color=\"#262626\" class=\"elementor-element elementor-element-57ed6f6 elementor-widget elementor-widget-heading\" data-id=\"57ed6f6\" data-element_type=\"widget\" data-e-type=\"widget\" data-widget_type=\"heading.default\">\n\t\t\t\t\t<h2 class=\"elementor-heading-title elementor-size-default\">Ventajas de un plan<\/h2>\t\t\t\t<\/div>\n\t\t\t\t<div data-dce-text-color=\"#262626\" class=\"elementor-element elementor-element-947a102 elementor-widget elementor-widget-text-editor\" data-id=\"947a102\" data-element_type=\"widget\" data-e-type=\"widget\" data-widget_type=\"text-editor.default\">\n\t\t\t\t\t\t\t\t\t<ul><li>Evita reparaciones urgentes y costosas<\/li><li>T\u00e9cnicos locales en <b>Covilh\u00e3, Fund\u00e3o, Castelo Branco y Guarda<\/b><\/li><li>Suscripci\u00f3n mensual sencilla con fidelizaci\u00f3n anual<\/li><li>Informes que a\u00f1aden <b>seguridad y valor a la propiedad<\/b><\/li><li>Servicio r\u00e1pido v\u00eda <b>WhatsApp<\/b><\/li><\/ul>\t\t\t\t\t\t\t\t<\/div>\n\t\t\t\t\t<\/div>\n\t\t\t\t<\/div>\n\t\t<div class=\"elementor-element elementor-element-6382b08 e-con-full e-flex e-con e-parent\" data-id=\"6382b08\" data-element_type=\"container\" data-e-type=\"container\" data-settings=\"{&quot;background_background&quot;:&quot;classic&quot;}\">\n\t\t\t\t<div data-dce-title-color=\"#262626\" class=\"elementor-element elementor-element-aa0ac3c elementor-widget elementor-widget-heading\" data-id=\"aa0ac3c\" data-element_type=\"widget\" data-e-type=\"widget\" data-widget_type=\"heading.default\">\n\t\t\t\t\t<h6 class=\"elementor-heading-title elementor-size-default\">elige el mejor plan para ti<\/h6>\t\t\t\t<\/div>\n\t\t\t\t<div data-dce-title-color=\"#FFFFFF\" class=\"elementor-element elementor-element-0075ec8 elementor-widget elementor-widget-heading\" data-id=\"0075ec8\" data-element_type=\"widget\" data-e-type=\"widget\" data-widget_type=\"heading.default\">\n\t\t\t\t\t<h2 class=\"elementor-heading-title elementor-size-default\">\u00bfPREPARADO PARA SIMPLIFICAR EL MANTENIMIENTO DE TU CASA?\n<\/h2>\t\t\t\t<\/div>\n\t\t\t\t<div data-dce-background-color=\"#FFFFFF\" class=\"elementor-element elementor-element-9742a68 elementor-align-center elementor-widget elementor-widget-button\" data-id=\"9742a68\" data-element_type=\"widget\" data-e-type=\"widget\" data-widget_type=\"button.default\">\n\t\t\t\t\t\t\t\t\t\t<a class=\"elementor-button elementor-button-link elementor-size-sm elementor-animation-hang\" href=\"https:\/\/upkasa.pt\/plano-de-precos\/\">\n\t\t\t\t\t\t<span class=\"elementor-button-content-wrapper\">\n\t\t\t\t\t\t\t\t\t<span class=\"elementor-button-text\">Elige Plan<\/span>\n\t\t\t\t\t<\/span>\n\t\t\t\t\t<\/a>\n\t\t\t\t\t\t\t\t<\/div>\n\t\t\t\t<\/div>\n\t\t\t\t<\/div>\n\t\t","protected":false},"excerpt":{"rendered":"<p>\u00bfC\u00f3mo funciona UpKasa? Cuidamos de tu propiedad con planes de mantenimiento preventivo sencillos y asequibles. Comprueba lo f\u00e1cil que es. 4 sencillos pasos En UpKasa creemos que el mantenimiento de tu hogar no deber\u00eda ser complicado. Hemos creado un proceso claro de 4 pasos para que siempre sepas qu\u00e9 esperar. Paso 1: Elige el plan [&hellip;]<\/p>\n","protected":false},"author":2,"featured_media":0,"parent":0,"menu_order":0,"comment_status":"closed","ping_status":"closed","template":"","meta":{"footnotes":""},"class_list":["post-1530","page","type-page","status-publish","hentry"],"_links":{"self":[{"href":"https:\/\/upkasa.pt\/es\/wp-json\/wp\/v2\/pages\/1530","targetHints":{"allow":["GET"]}}],"collection":[{"href":"https:\/\/upkasa.pt\/es\/wp-json\/wp\/v2\/pages"}],"about":[{"href":"https:\/\/upkasa.pt\/es\/wp-json\/wp\/v2\/types\/page"}],"author":[{"embeddable":true,"href":"https:\/\/upkasa.pt\/es\/wp-json\/wp\/v2\/users\/2"}],"replies":[{"embeddable":true,"href":"https:\/\/upkasa.pt\/es\/wp-json\/wp\/v2\/comments?post=1530"}],"version-history":[{"count":1,"href":"https:\/\/upkasa.pt\/es\/wp-json\/wp\/v2\/pages\/1530\/revisions"}],"predecessor-version":[{"id":1537,"href":"https:\/\/upkasa.pt\/es\/wp-json\/wp\/v2\/pages\/1530\/revisions\/1537"}],"wp:attachment":[{"href":"https:\/\/upkasa.pt\/es\/wp-json\/wp\/v2\/media?parent=1530"}],"curies":[{"name":"wp","href":"https:\/\/api.w.org\/{rel}","templated":true}]}}