{"id":1563,"date":"2025-09-29T14:20:13","date_gmt":"2025-09-29T14:20:13","guid":{"rendered":"https:\/\/upkasa.pt\/quienes-somos\/"},"modified":"2025-11-10T12:12:46","modified_gmt":"2025-11-10T12:12:46","slug":"quienes-somos","status":"publish","type":"page","link":"https:\/\/upkasa.pt\/es\/quienes-somos\/","title":{"rendered":"Qui\u00e9nes somos"},"content":{"rendered":"\t\t<div data-elementor-type=\"wp-page\" data-elementor-id=\"1563\" class=\"elementor elementor-1563 elementor-127\" data-elementor-post-type=\"page\">\n\t\t\t\t<div class=\"elementor-element elementor-element-b506313 e-flex e-con-boxed e-con e-parent\" data-id=\"b506313\" data-element_type=\"container\" data-e-type=\"container\" data-settings=\"{&quot;background_background&quot;:&quot;classic&quot;}\">\n\t\t\t\t\t<div class=\"e-con-inner\">\n\t\t\t\t<div data-dce-title-color=\"#262626\" data-dce-advanced-background-color=\"#FFFFFF\" class=\"elementor-element elementor-element-4ef5f3b elementor-widget elementor-widget-heading\" data-id=\"4ef5f3b\" data-element_type=\"widget\" data-e-type=\"widget\" data-widget_type=\"heading.default\">\n\t\t\t\t\t<h1 class=\"elementor-heading-title elementor-size-default\">Cuidamos tu casa como si fuera la nuestra<\/h1>\t\t\t\t<\/div>\n\t\t\t\t<div data-dce-text-color=\"#262626\" data-dce-advanced-background-color=\"#FFFFFF\" class=\"elementor-element elementor-element-6b49900 elementor-widget elementor-widget-text-editor\" data-id=\"6b49900\" data-element_type=\"widget\" data-e-type=\"widget\" data-widget_type=\"text-editor.default\">\n\t\t\t\t\t\t\t\t\t<p>UpKasa es una empresa de mantenimiento preventivo y reparaci\u00f3n que garantiza la tranquilidad de los propietarios de viviendas en Covilh\u00e3, Fund\u00e3o, Castelo Branco y Guarda.<\/p>\t\t\t\t\t\t\t\t<\/div>\n\t\t\t\t<div class=\"elementor-element elementor-element-3973d1d elementor-widget-divider--view-line_icon elementor-view-default elementor-widget-divider--element-align-center elementor-widget elementor-widget-divider\" data-id=\"3973d1d\" data-element_type=\"widget\" data-e-type=\"widget\" data-widget_type=\"divider.default\">\n\t\t\t\t\t\t\t<div class=\"elementor-divider\">\n\t\t\t<span class=\"elementor-divider-separator\">\n\t\t\t\t\t\t\t<div class=\"elementor-icon elementor-divider__element\">\n\t\t\t\t\t<svg xmlns=\"http:\/\/www.w3.org\/2000\/svg\" width=\"299\" height=\"298\" viewBox=\"0 0 299 298\" fill=\"none\"><path d=\"M0.069897 97.5231C54.1093 97.5231 98.012 53.9699 98.4315 0.0703125H164.915C164.915 2.51712 164.915 4.89401 164.705 7.27091C162.887 45.3013 148.206 79.9061 124.857 106.891C94.5865 141.845 49.9148 164.006 0 164.006\" fill=\"#262626\"><\/path><path d=\"M298.44 297.881C222.799 287.115 158.902 240.136 124.857 175.121C108.079 143.103 98.5011 106.681 98.3613 68.0911V0H164.845V67.1823L165.054 74.5227C168.41 151.912 224.547 215.529 298.37 230.419\" fill=\"#262626\"><\/path><\/svg><\/div>\n\t\t\t\t\t\t<\/span>\n\t\t<\/div>\n\t\t\t\t\t\t<\/div>\n\t\t\t\t\t<\/div>\n\t\t\t\t<\/div>\n\t\t<div class=\"elementor-element elementor-element-06c5a30 e-flex e-con-boxed e-con e-parent\" data-id=\"06c5a30\" data-element_type=\"container\" data-e-type=\"container\">\n\t\t\t\t\t<div class=\"e-con-inner\">\n\t\t<div class=\"elementor-element elementor-element-00f102d e-grid e-con-full e-con e-child\" data-id=\"00f102d\" data-element_type=\"container\" data-e-type=\"container\">\n\t\t\t\t<div class=\"elementor-element elementor-element-2c63781 elementor-view-default elementor-position-block-start elementor-mobile-position-block-start elementor-widget elementor-widget-icon-box\" data-id=\"2c63781\" data-element_type=\"widget\" data-e-type=\"widget\" data-widget_type=\"icon-box.default\">\n\t\t\t\t\t\t\t<div class=\"elementor-icon-box-wrapper\">\n\n\t\t\t\t\t\t<div class=\"elementor-icon-box-icon\">\n\t\t\t\t<span  class=\"elementor-icon\">\n\t\t\t\t<svg aria-hidden=\"true\" class=\"e-font-icon-svg e-far-dot-circle\" viewBox=\"0 0 512 512\" xmlns=\"http:\/\/www.w3.org\/2000\/svg\"><path d=\"M256 56c110.532 0 200 89.451 200 200 0 110.532-89.451 200-200 200-110.532 0-200-89.451-200-200 0-110.532 89.451-200 200-200m0-48C119.033 8 8 119.033 8 256s111.033 248 248 248 248-111.033 248-248S392.967 8 256 8zm0 168c-44.183 0-80 35.817-80 80s35.817 80 80 80 80-35.817 80-80-35.817-80-80-80z\"><\/path><\/svg>\t\t\t\t<\/span>\n\t\t\t<\/div>\n\t\t\t\n\t\t\t\t\t\t<div class=\"elementor-icon-box-content\">\n\n\t\t\t\t\t\t\t\t\t<h3 class=\"elementor-icon-box-title\">\n\t\t\t\t\t\t<span  >\n\t\t\t\t\t\t\tNuestra misi\u00f3n\t\t\t\t\t\t<\/span>\n\t\t\t\t\t<\/h3>\n\t\t\t\t\n\t\t\t\t\t\t\t\t\t<p class=\"elementor-icon-box-description\">\n\t\t\t\t\t\tEn UpKasa creemos que la prevenci\u00f3n siempre es m\u00e1s barata que la reparaci\u00f3n.\nNuestro objetivo es ayudar a propietarios de viviendas, familias y empresas locales a evitar imprevistos costosos y estresantes mediante planes de mantenimiento preventivo sencillos y asequibles.\t\t\t\t\t<\/p>\n\t\t\t\t\n\t\t\t<\/div>\n\t\t\t\n\t\t<\/div>\n\t\t\t\t\t\t<\/div>\n\t\t\t\t<div class=\"elementor-element elementor-element-8627cee elementor-view-default elementor-position-block-start elementor-mobile-position-block-start elementor-widget elementor-widget-icon-box\" data-id=\"8627cee\" data-element_type=\"widget\" data-e-type=\"widget\" data-widget_type=\"icon-box.default\">\n\t\t\t\t\t\t\t<div class=\"elementor-icon-box-wrapper\">\n\n\t\t\t\t\t\t<div class=\"elementor-icon-box-icon\">\n\t\t\t\t<span  class=\"elementor-icon\">\n\t\t\t\t<svg aria-hidden=\"true\" class=\"e-font-icon-svg e-far-eye\" viewBox=\"0 0 576 512\" xmlns=\"http:\/\/www.w3.org\/2000\/svg\"><path d=\"M288 144a110.94 110.94 0 0 0-31.24 5 55.4 55.4 0 0 1 7.24 27 56 56 0 0 1-56 56 55.4 55.4 0 0 1-27-7.24A111.71 111.71 0 1 0 288 144zm284.52 97.4C518.29 135.59 410.93 64 288 64S57.68 135.64 3.48 241.41a32.35 32.35 0 0 0 0 29.19C57.71 376.41 165.07 448 288 448s230.32-71.64 284.52-177.41a32.35 32.35 0 0 0 0-29.19zM288 400c-98.65 0-189.09-55-237.93-144C98.91 167 189.34 112 288 112s189.09 55 237.93 144C477.1 345 386.66 400 288 400z\"><\/path><\/svg>\t\t\t\t<\/span>\n\t\t\t<\/div>\n\t\t\t\n\t\t\t\t\t\t<div class=\"elementor-icon-box-content\">\n\n\t\t\t\t\t\t\t\t\t<h3 class=\"elementor-icon-box-title\">\n\t\t\t\t\t\t<span  >\n\t\t\t\t\t\t\tNuestra visi\u00f3n\t\t\t\t\t\t<\/span>\n\t\t\t\t\t<\/h3>\n\t\t\t\t\n\t\t\t\t\t\t\t\t\t<p class=\"elementor-icon-box-description\">\n\t\t\t\t\t\tSer la empresa de referencia en mantenimiento preventivo inmobiliario en Portugal, reconocida por su transparencia, proximidad y calidad de servicio.\t\t\t\t\t<\/p>\n\t\t\t\t\n\t\t\t<\/div>\n\t\t\t\n\t\t<\/div>\n\t\t\t\t\t\t<\/div>\n\t\t\t\t<\/div>\n\t\t\t\t<div data-dce-title-color=\"#262626\" class=\"elementor-element elementor-element-925b2d8 elementor-widget elementor-widget-heading\" data-id=\"925b2d8\" data-element_type=\"widget\" data-e-type=\"widget\" data-widget_type=\"heading.default\">\n\t\t\t\t\t<h2 class=\"elementor-heading-title elementor-size-default\">Nuestros valores<\/h2>\t\t\t\t<\/div>\n\t\t<div class=\"elementor-element elementor-element-e436681 e-con-full e-grid e-con e-child\" data-id=\"e436681\" data-element_type=\"container\" data-e-type=\"container\">\n\t\t\t\t<div class=\"elementor-element elementor-element-cc10424 dce_masking-none elementor-position-top elementor-widget elementor-widget-image-box\" data-id=\"cc10424\" data-element_type=\"widget\" data-e-type=\"widget\" data-widget_type=\"image-box.default\">\n\t\t\t\t\t<div class=\"elementor-image-box-wrapper\"><figure class=\"elementor-image-box-img\"><img fetchpriority=\"high\" decoding=\"async\" width=\"500\" height=\"500\" src=\"https:\/\/upkasa.pt\/wp-content\/uploads\/2025\/10\/Frame-2.svg\" class=\"attachment-full size-full wp-image-1570\" alt=\"\" \/><\/figure><div class=\"elementor-image-box-content\"><h3 class=\"elementor-image-box-title\">TRANSPARENCIA<\/h3><p class=\"elementor-image-box-description\">Informes claros y objetivos.<\/p><\/div><\/div>\t\t\t\t<\/div>\n\t\t\t\t<div class=\"elementor-element elementor-element-7b28f6e dce_masking-none elementor-position-top elementor-widget elementor-widget-image-box\" data-id=\"7b28f6e\" data-element_type=\"widget\" data-e-type=\"widget\" data-widget_type=\"image-box.default\">\n\t\t\t\t\t<div class=\"elementor-image-box-wrapper\"><figure class=\"elementor-image-box-img\"><img decoding=\"async\" width=\"500\" height=\"500\" src=\"https:\/\/upkasa.pt\/wp-content\/uploads\/2025\/10\/Frame-3.svg\" class=\"attachment-full size-full wp-image-1571\" alt=\"\" \/><\/figure><div class=\"elementor-image-box-content\"><h3 class=\"elementor-image-box-title\">CONF\u00cdA EN<\/h3><p class=\"elementor-image-box-description\">T\u00e9cnicos certificados y localizados.<\/p><\/div><\/div>\t\t\t\t<\/div>\n\t\t\t\t<div class=\"elementor-element elementor-element-53b4d98 dce_masking-none elementor-position-top elementor-widget elementor-widget-image-box\" data-id=\"53b4d98\" data-element_type=\"widget\" data-e-type=\"widget\" data-widget_type=\"image-box.default\">\n\t\t\t\t\t<div class=\"elementor-image-box-wrapper\"><figure class=\"elementor-image-box-img\"><img decoding=\"async\" width=\"500\" height=\"500\" src=\"https:\/\/upkasa.pt\/wp-content\/uploads\/2025\/10\/Frame-4.svg\" class=\"attachment-full size-full wp-image-1572\" alt=\"\" \/><\/figure><div class=\"elementor-image-box-content\"><h3 class=\"elementor-image-box-title\">INNOVACI\u00d3N<\/h3><p class=\"elementor-image-box-description\">Uso de la tecnolog\u00eda para el diagn\u00f3stico y la programaci\u00f3n.<\/p><\/div><\/div>\t\t\t\t<\/div>\n\t\t\t\t<div class=\"elementor-element elementor-element-ab0cf60 dce_masking-none elementor-position-top elementor-widget elementor-widget-image-box\" data-id=\"ab0cf60\" data-element_type=\"widget\" data-e-type=\"widget\" data-widget_type=\"image-box.default\">\n\t\t\t\t\t<div class=\"elementor-image-box-wrapper\"><figure class=\"elementor-image-box-img\"><img decoding=\"async\" width=\"500\" height=\"500\" src=\"https:\/\/upkasa.pt\/wp-content\/uploads\/2025\/10\/Frame-3.svg\" class=\"attachment-full size-full wp-image-1571\" alt=\"\" \/><\/figure><div class=\"elementor-image-box-content\"><h3 class=\"elementor-image-box-title\">TRANQUILIDAD<\/h3><p class=\"elementor-image-box-description\">Los clientes saben que su casa est\u00e1 protegida.<\/p><\/div><\/div>\t\t\t\t<\/div>\n\t\t\t\t<\/div>\n\t\t\t\t<div data-dce-title-color=\"#262626\" class=\"elementor-element elementor-element-2042b21 elementor-widget elementor-widget-heading\" data-id=\"2042b21\" data-element_type=\"widget\" data-e-type=\"widget\" data-widget_type=\"heading.default\">\n\t\t\t\t\t<h2 class=\"elementor-heading-title elementor-size-default\">Nuestro equipo<\/h2>\t\t\t\t<\/div>\n\t\t\t\t<div data-dce-text-color=\"#262626\" class=\"elementor-element elementor-element-c5321e6 elementor-widget elementor-widget-text-editor\" data-id=\"c5321e6\" data-element_type=\"widget\" data-e-type=\"widget\" data-widget_type=\"text-editor.default\">\n\t\t\t\t\t\t\t\t\t<p>Contamos con un equipo de <b>t\u00e9cnicos especializados en fontaner\u00eda, electricidad y mantenimiento de inmuebles<\/b>, dispuestos a intervenir r\u00e1pidamente siempre que sea necesario. Cada visita va acompa\u00f1ada de un <b>informe fotogr\u00e1fico detallado<\/b>, para que el cliente conozca exactamente el estado de su propiedad. <\/p>\t\t\t\t\t\t\t\t<\/div>\n\t\t\t\t<div data-dce-title-color=\"#262626\" class=\"elementor-element elementor-element-525db23 elementor-widget elementor-widget-heading\" data-id=\"525db23\" data-element_type=\"widget\" data-e-type=\"widget\" data-widget_type=\"heading.default\">\n\t\t\t\t\t<h2 class=\"elementor-heading-title elementor-size-default\">Portada<\/h2>\t\t\t\t<\/div>\n\t\t<div class=\"elementor-element elementor-element-9df6303 e-grid e-con-full e-con e-child\" data-id=\"9df6303\" data-element_type=\"container\" data-e-type=\"container\">\n\t\t\t\t<div data-dce-text-color=\"#262626\" class=\"elementor-element elementor-element-939067f elementor-widget elementor-widget-text-editor\" data-id=\"939067f\" data-element_type=\"widget\" data-e-type=\"widget\" data-widget_type=\"text-editor.default\">\n\t\t\t\t\t\t\t\t\t<p>Actualmente estamos presentes en<\/p><ul><li><b>Covilh\u00e3<\/b><\/li><li><b>Fund\u00e3o<\/b><\/li><li><b>Castelo Branco<\/b><\/li><li><b>Guardia<\/b><\/li><li><strong>Viseu<\/strong><\/li><li><strong>Portalegre<\/strong><\/li><\/ul><h6> <\/h6><p>Pronto nos expandiremos a otras regiones de Portugal.<\/p>\t\t\t\t\t\t\t\t<\/div>\n\t\t\t\t<div class=\"elementor-element elementor-element-ee2325e dce_masking-none elementor-widget elementor-widget-image\" data-id=\"ee2325e\" data-element_type=\"widget\" data-e-type=\"widget\" data-widget_type=\"image.default\">\n\t\t\t\t\t\t\t\t\t\t\t\t\t\t\t<img loading=\"lazy\" decoding=\"async\" width=\"800\" height=\"596\" src=\"https:\/\/upkasa.pt\/wp-content\/uploads\/2025\/10\/mapa-1024x763.png\" class=\"attachment-large size-large wp-image-1568\" alt=\"\" srcset=\"https:\/\/upkasa.pt\/wp-content\/uploads\/2025\/10\/mapa-1024x763.png 1024w, https:\/\/upkasa.pt\/wp-content\/uploads\/2025\/10\/mapa-300x224.png 300w, https:\/\/upkasa.pt\/wp-content\/uploads\/2025\/10\/mapa-768x572.png 768w, https:\/\/upkasa.pt\/wp-content\/uploads\/2025\/10\/mapa-1536x1145.png 1536w, https:\/\/upkasa.pt\/wp-content\/uploads\/2025\/10\/mapa.png 2046w\" sizes=\"(max-width: 800px) 100vw, 800px\" \/>\t\t\t\t\t\t\t\t\t\t\t\t\t\t\t<\/div>\n\t\t\t\t<\/div>\n\t\t\t\t\t<\/div>\n\t\t\t\t<\/div>\n\t\t<div class=\"elementor-element elementor-element-22f1cf7 e-con-full e-flex e-con e-parent\" data-id=\"22f1cf7\" data-element_type=\"container\" data-e-type=\"container\" data-settings=\"{&quot;background_background&quot;:&quot;classic&quot;}\">\n\t\t\t\t<div data-dce-title-color=\"#262626\" class=\"elementor-element elementor-element-97a1d17 elementor-widget elementor-widget-heading\" data-id=\"97a1d17\" data-element_type=\"widget\" data-e-type=\"widget\" data-widget_type=\"heading.default\">\n\t\t\t\t\t<h6 class=\"elementor-heading-title elementor-size-default\">elige el mejor plan para ti<\/h6>\t\t\t\t<\/div>\n\t\t\t\t<div data-dce-title-color=\"#FFFFFF\" class=\"elementor-element elementor-element-c6f1c24 elementor-widget elementor-widget-heading\" data-id=\"c6f1c24\" data-element_type=\"widget\" data-e-type=\"widget\" data-widget_type=\"heading.default\">\n\t\t\t\t\t<h2 class=\"elementor-heading-title elementor-size-default\">\u00bfPREPARADO PARA SIMPLIFICAR EL MANTENIMIENTO DE TU CASA?\n<\/h2>\t\t\t\t<\/div>\n\t\t\t\t<div data-dce-background-color=\"#FFFFFF\" class=\"elementor-element elementor-element-a001350 elementor-align-center elementor-widget elementor-widget-button\" data-id=\"a001350\" data-element_type=\"widget\" data-e-type=\"widget\" data-widget_type=\"button.default\">\n\t\t\t\t\t\t\t\t\t\t<a class=\"elementor-button elementor-button-link elementor-size-sm elementor-animation-hang\" href=\"https:\/\/upkasa.pt\/plano-de-precos\/\">\n\t\t\t\t\t\t<span class=\"elementor-button-content-wrapper\">\n\t\t\t\t\t\t\t\t\t<span class=\"elementor-button-text\">Elige Plan<\/span>\n\t\t\t\t\t<\/span>\n\t\t\t\t\t<\/a>\n\t\t\t\t\t\t\t\t<\/div>\n\t\t\t\t<\/div>\n\t\t\t\t<\/div>\n\t\t","protected":false},"excerpt":{"rendered":"<p>Cuidamos tu casa como si fuera la nuestra UpKasa es una empresa de mantenimiento preventivo y reparaci\u00f3n que garantiza la tranquilidad de los propietarios de viviendas en Covilh\u00e3, Fund\u00e3o, Castelo Branco y Guarda. Nuestra misi\u00f3n En UpKasa creemos que la prevenci\u00f3n siempre es m\u00e1s barata que la reparaci\u00f3n. Nuestro objetivo es ayudar a propietarios de [&hellip;]<\/p>\n","protected":false},"author":2,"featured_media":0,"parent":0,"menu_order":0,"comment_status":"closed","ping_status":"closed","template":"","meta":{"footnotes":""},"class_list":["post-1563","page","type-page","status-publish","hentry"],"_links":{"self":[{"href":"https:\/\/upkasa.pt\/es\/wp-json\/wp\/v2\/pages\/1563","targetHints":{"allow":["GET"]}}],"collection":[{"href":"https:\/\/upkasa.pt\/es\/wp-json\/wp\/v2\/pages"}],"about":[{"href":"https:\/\/upkasa.pt\/es\/wp-json\/wp\/v2\/types\/page"}],"author":[{"embeddable":true,"href":"https:\/\/upkasa.pt\/es\/wp-json\/wp\/v2\/users\/2"}],"replies":[{"embeddable":true,"href":"https:\/\/upkasa.pt\/es\/wp-json\/wp\/v2\/comments?post=1563"}],"version-history":[{"count":1,"href":"https:\/\/upkasa.pt\/es\/wp-json\/wp\/v2\/pages\/1563\/revisions"}],"predecessor-version":[{"id":1573,"href":"https:\/\/upkasa.pt\/es\/wp-json\/wp\/v2\/pages\/1563\/revisions\/1573"}],"wp:attachment":[{"href":"https:\/\/upkasa.pt\/es\/wp-json\/wp\/v2\/media?parent=1563"}],"curies":[{"name":"wp","href":"https:\/\/api.w.org\/{rel}","templated":true}]}}